{"id":150,"date":"2025-11-12T18:09:34","date_gmt":"2025-11-12T18:09:34","guid":{"rendered":"https:\/\/surdurulebilirturizmrehberi.com\/?page_id=150"},"modified":"2025-11-12T18:41:07","modified_gmt":"2025-11-12T18:41:07","slug":"karbon-ayak-izi-nedir","status":"publish","type":"page","link":"https:\/\/surdurulebilirturizmrehberi.com\/?page_id=150","title":{"rendered":"KARBON AYAK \u0130Z\u0130 NED\u0130R?"},"content":{"rendered":"\n<p>Bir kurulu\u015fun, faaliyetin, \u00fcr\u00fcn veya ki\u015finin sebep oldu\u011fu sera gaz\u0131 emisyonlar\u0131n\u0131n t\u00fcm\u00fcne karbon ayak izi denir. K\u00fcresel \u0131s\u0131nmaya sebep olan t\u00fcm sera gazlar\u0131 karbon ayak izini olu\u015fturmaktad\u0131r.<\/p>\n\n\n\n<p>Sera Gaz\u0131 Emisyonlar\u0131; yak\u0131t ve elektrik kullan\u0131m\u0131, \u00fcretim, ula\u015f\u0131m, nakliyat, hizmet al\u0131m\u0131 ve arazi kullan\u0131m\u0131 de\u011fi\u015fikli\u011fi vb. sebeplerden kaynaklanmaktad\u0131r.<\/p>\n\n\n\n<p><strong>SERA GAZI EM\u0130SYONLARI 6 KATEGOR\u0130 ALTINDA SINIFLANDIRILMAKTADIR;<\/strong><\/p>\n\n\n\n<ol start=\"1\">\n<li>Do\u011frudan Sera Gaz\u0131 Emisyonlar\u0131 ve Uzakla\u015ft\u0131rmalar\u0131 (Kategori 1)<\/li>\n\n\n\n<li>Dolayl\u0131 Sera Gaz\u0131 Emisyonlar\u0131 (Sat\u0131n Al\u0131nan Enerji) (Kategori 2)<\/li>\n\n\n\n<li>Dolayl\u0131 Sera Gaz\u0131 Emisyonlar\u0131 (Ta\u015f\u0131mac\u0131l\u0131k) (Kategori 3)<\/li>\n\n\n\n<li>Dolayl\u0131 Sera Gaz\u0131 Emisyonlar\u0131 (Kurulu\u015fun Sat\u0131n Ald\u0131\u011f\u0131 \u00dcr\u00fcnler ve Hizmetler) (Kategori 4)<\/li>\n\n\n\n<li>Dolayl\u0131 Sera Gaz\u0131 Emisyonlar\u0131 (Kurulu\u015fun \u00dcretti\u011fi \u00dcr\u00fcnlerin Kullan\u0131m\u0131ndan Kaynaklanan) (Kategori 5)<\/li>\n\n\n\n<li>Di\u011fer Dolayl\u0131 Sera Gaz\u0131 Emisyonlar\u0131 (Kategori 6)<\/li>\n<\/ol>\n\n\n\n<p><strong>KURUMSAL KARBON AYAK \u0130Z\u0130 M\u0130 NEDEN HESAPLAMALIYIM?<\/strong><\/p>\n\n\n\n<ul>\n<li>Sera Gaz\u0131 olu\u015fumuna neden olan emisyon kaynaklar\u0131n\u0131 tespit etmek, kontrol alt\u0131na almak ve azaltmak,<\/li>\n\n\n\n<li>\u0130klim de\u011fi\u015fikli\u011fi kaynakl\u0131 riskleri tespit etmek ve \u00f6nlem almak;<\/li>\n<\/ul>\n\n\n\n<p>-\u00c7evresel Riskler<\/p>\n\n\n\n<p>-Finansal Riskler<\/p>\n\n\n\n<p>-Mevzuat Riskleri<\/p>\n\n\n\n<ul>\n<li>\u201cYe\u015fil vizyon\u201d ile sekt\u00f6rde \u00f6nc\u00fc rol oynamak ve k\u00e2rl\u0131l\u0131\u011f\u0131 artt\u0131rmak, m\u00fc\u015fteri taleplerini kar\u015f\u0131lamak.<\/li>\n\n\n\n<li>Gelece\u011fe y\u00f6nelik tedbirleri almak.<\/li>\n<\/ul>\n\n\n\n<figure class=\"wp-block-image size-full\"><img loading=\"lazy\" decoding=\"async\" width=\"980\" height=\"468\" src=\"http:\/\/surdurulebilirturizmrehberi.com\/wp-content\/uploads\/2025\/11\/WhatsApp-Image-2025-11-12-at-21.35.41-1.jpeg\" alt=\"\" class=\"wp-image-162\" srcset=\"https:\/\/surdurulebilirturizmrehberi.com\/wp-content\/uploads\/2025\/11\/WhatsApp-Image-2025-11-12-at-21.35.41-1.jpeg 980w, https:\/\/surdurulebilirturizmrehberi.com\/wp-content\/uploads\/2025\/11\/WhatsApp-Image-2025-11-12-at-21.35.41-1-300x143.jpeg 300w, https:\/\/surdurulebilirturizmrehberi.com\/wp-content\/uploads\/2025\/11\/WhatsApp-Image-2025-11-12-at-21.35.41-1-768x367.jpeg 768w\" sizes=\"(max-width: 980px) 100vw, 980px\" \/><\/figure>\n","protected":false},"excerpt":{"rendered":"<p>Bir kurulu\u015fun, faaliyetin, \u00fcr\u00fcn veya ki\u015finin sebep oldu\u011fu sera gaz\u0131 emisyonlar\u0131n\u0131n t\u00fcm\u00fcne karbon ayak izi denir. K\u00fcresel \u0131s\u0131nmaya sebep olan t\u00fcm sera gazlar\u0131 karbon ayak izini olu\u015fturmaktad\u0131r. Sera Gaz\u0131 Emisyonlar\u0131; yak\u0131t ve elektrik kullan\u0131m\u0131, \u00fcretim, ula\u015f\u0131m, nakliyat, hizmet al\u0131m\u0131 ve arazi kullan\u0131m\u0131 de\u011fi\u015fikli\u011fi vb. sebeplerden kaynaklanmaktad\u0131r. SERA GAZI EM\u0130SYONLARI 6 KATEGOR\u0130 ALTINDA SINIFLANDIRILMAKTADIR; KURUMSAL KARBON<span class=\"post-excerpt-end\">&hellip;<\/span><\/p>\n<p class=\"more-link\"><a href=\"https:\/\/surdurulebilirturizmrehberi.com\/?page_id=150\" class=\"themebutton\">Read More<\/a><\/p>\n","protected":false},"author":1,"featured_media":0,"parent":0,"menu_order":0,"comment_status":"closed","ping_status":"closed","template":"","meta":{"footnotes":""},"_links":{"self":[{"href":"https:\/\/surdurulebilirturizmrehberi.com\/index.php?rest_route=\/wp\/v2\/pages\/150"}],"collection":[{"href":"https:\/\/surdurulebilirturizmrehberi.com\/index.php?rest_route=\/wp\/v2\/pages"}],"about":[{"href":"https:\/\/surdurulebilirturizmrehberi.com\/index.php?rest_route=\/wp\/v2\/types\/page"}],"author":[{"embeddable":true,"href":"https:\/\/surdurulebilirturizmrehberi.com\/index.php?rest_route=\/wp\/v2\/users\/1"}],"replies":[{"embeddable":true,"href":"https:\/\/surdurulebilirturizmrehberi.com\/index.php?rest_route=%2Fwp%2Fv2%2Fcomments&post=150"}],"version-history":[{"count":2,"href":"https:\/\/surdurulebilirturizmrehberi.com\/index.php?rest_route=\/wp\/v2\/pages\/150\/revisions"}],"predecessor-version":[{"id":163,"href":"https:\/\/surdurulebilirturizmrehberi.com\/index.php?rest_route=\/wp\/v2\/pages\/150\/revisions\/163"}],"wp:attachment":[{"href":"https:\/\/surdurulebilirturizmrehberi.com\/index.php?rest_route=%2Fwp%2Fv2%2Fmedia&parent=150"}],"curies":[{"name":"wp","href":"https:\/\/api.w.org\/{rel}","templated":true}]}}