{"id":154,"date":"2025-11-12T18:34:18","date_gmt":"2025-11-12T18:34:18","guid":{"rendered":"https:\/\/surdurulebilirturizmrehberi.com\/?page_id=154"},"modified":"2025-11-12T18:34:18","modified_gmt":"2025-11-12T18:34:18","slug":"cevre-yonetim-danismanligi","status":"publish","type":"page","link":"https:\/\/surdurulebilirturizmrehberi.com\/?page_id=154","title":{"rendered":"\u00c7EVRE Y\u00d6NET\u0130M DANI\u015eMANLI\u011eI"},"content":{"rendered":"\n<p>2000 y\u0131l\u0131ndan g\u00fcn\u00fcm\u00fcze m\u00fc\u015fterilerine faaliyetlerinin \u00e7evresel etkisinin belirlenmesi konusunda hizmet sunmay\u0131 ama\u00e7 edinen kurulu\u015fumuz, kirletici vasf\u0131 y\u00fcksek sekt\u00f6rlere k\u0131demli \u00e7evre y\u00f6neticileri ile sonu\u00e7 odakl\u0131 ve karl\u0131l\u0131\u011f\u0131 art\u0131r\u0131c\u0131 \u00f6neriler i\u00e7eren raporlama yapmaktad\u0131r. Sekt\u00f6rlerde uzmanla\u015fm\u0131\u015f \u00e7evre y\u00f6neticisi ekibi ile saha tespit, denetim ve e\u011fitim \u00e7al\u0131\u015fmalar\u0131n\u0131 s\u00fcrd\u00fcrmektedir.<\/p>\n\n\n\n<p><strong>\u00c7evre, \u015eehircilik ve \u0130klim De\u011fi\u015fikli\u011fi Bakanl\u0131\u011f\u0131\u2019 ndan yetkili \u00c7evre Y\u00f6netiminden Sorumlu Dan\u0131\u015fmanl\u0131k Hizmetlerimiz;<\/strong><\/p>\n\n\n\n<ul>\n<li>\u00c7evresel Sistem ve S\u00fcre\u00e7 Y\u00f6netimi<\/li>\n\n\n\n<li>\u00c7evre Y\u00f6netim \u00c7\u00f6z\u00fcmleri Tasarlamak ve Sunmak<\/li>\n\n\n\n<li>\u00c7evresel S\u00fcre\u00e7 \u0130yile\u015ftirme \u00c7al\u0131\u015fmalar\u0131 yapmak<\/li>\n<\/ul>\n\n\n\n<figure class=\"wp-block-image size-full\"><img loading=\"lazy\" decoding=\"async\" width=\"980\" height=\"468\" src=\"http:\/\/surdurulebilirturizmrehberi.com\/wp-content\/uploads\/2025\/11\/WhatsApp-Image-2025-11-12-at-21.32.28.jpeg\" alt=\"\" class=\"wp-image-155\" srcset=\"https:\/\/surdurulebilirturizmrehberi.com\/wp-content\/uploads\/2025\/11\/WhatsApp-Image-2025-11-12-at-21.32.28.jpeg 980w, https:\/\/surdurulebilirturizmrehberi.com\/wp-content\/uploads\/2025\/11\/WhatsApp-Image-2025-11-12-at-21.32.28-300x143.jpeg 300w, https:\/\/surdurulebilirturizmrehberi.com\/wp-content\/uploads\/2025\/11\/WhatsApp-Image-2025-11-12-at-21.32.28-768x367.jpeg 768w\" sizes=\"(max-width: 980px) 100vw, 980px\" \/><\/figure>\n\n\n\n<ul>\n<li>\u00c7evresel analiz ve de\u011ferlendirme (\u00e7evresel etki de\u011ferlendirmesi risk de\u011ferlendirmesi, ya\u015fam d\u00f6ng\u00fcs\u00fc analizi, vb.)<\/li>\n\n\n\n<li>\u00c7evre \u0130zin ve Lisans De\u011ferlendirmeleri ve Belgelerinin Al\u0131nmas\u0131<\/li>\n\n\n\n<li>Teknik Uygunluk Raporlar\u0131n\u0131n Haz\u0131rlanmas\u0131<\/li>\n\n\n\n<li>\u00c7evresel Tetkik \u00c7al\u0131\u015fmalar\u0131, Yasal \u015eartlara Uygunlu\u011fun De\u011ferlendirilmesi<\/li>\n\n\n\n<li>End\u00fcstriyel (Tehlikeli &amp; Tehlikesiz) At\u0131k Y\u00f6netim Planlar\u0131n\u0131n Haz\u0131rlanmas\u0131<\/li>\n\n\n\n<li>E\u011fitim \u00c7al\u0131\u015fmalar\u0131 ve \u00d6zendirici Faaliyetlerin Yap\u0131lmas\u0131<\/li>\n\n\n\n<li>\u00c7evre Mevzuatlar\u0131 Kapsam\u0131nda Beyan \/ Bildirim Y\u00fck\u00fcml\u00fcl\u00fcklerinin Yerine Getirilmesi<\/li>\n\n\n\n<li>At\u0131ksu G\u00f6r\u00fc\u015f Yaz\u0131s\u0131 \/ De\u015farj \u0130zin Belgelerinin Al\u0131nmas\u0131<\/li>\n\n\n\n<li>K\u00fctle Denge Bildirimleri<\/li>\n\n\n\n<li>\u00c7evresel Risklerin Belirlenmesi, De\u011ferlendirilmesi ve Kontrol\u00fc<\/li>\n\n\n\n<li>\u00c7ED G\u00f6r\u00fc\u015f Yaz\u0131lar\u0131n\u0131n Al\u0131nmas\u0131<\/li>\n\n\n\n<li>S\u0131f\u0131r At\u0131k Belgesi Hizmeti.<\/li>\n<\/ul>\n","protected":false},"excerpt":{"rendered":"<p>2000 y\u0131l\u0131ndan g\u00fcn\u00fcm\u00fcze m\u00fc\u015fterilerine faaliyetlerinin \u00e7evresel etkisinin belirlenmesi konusunda hizmet sunmay\u0131 ama\u00e7 edinen kurulu\u015fumuz, kirletici vasf\u0131 y\u00fcksek sekt\u00f6rlere k\u0131demli \u00e7evre y\u00f6neticileri ile sonu\u00e7 odakl\u0131 ve karl\u0131l\u0131\u011f\u0131 art\u0131r\u0131c\u0131 \u00f6neriler i\u00e7eren raporlama yapmaktad\u0131r. Sekt\u00f6rlerde uzmanla\u015fm\u0131\u015f \u00e7evre y\u00f6neticisi ekibi ile saha tespit, denetim ve e\u011fitim \u00e7al\u0131\u015fmalar\u0131n\u0131 s\u00fcrd\u00fcrmektedir. \u00c7evre, \u015eehircilik ve \u0130klim De\u011fi\u015fikli\u011fi Bakanl\u0131\u011f\u0131\u2019 ndan yetkili \u00c7evre Y\u00f6netiminden Sorumlu<span class=\"post-excerpt-end\">&hellip;<\/span><\/p>\n<p class=\"more-link\"><a href=\"https:\/\/surdurulebilirturizmrehberi.com\/?page_id=154\" class=\"themebutton\">Read More<\/a><\/p>\n","protected":false},"author":1,"featured_media":0,"parent":0,"menu_order":0,"comment_status":"closed","ping_status":"closed","template":"","meta":{"footnotes":""},"_links":{"self":[{"href":"https:\/\/surdurulebilirturizmrehberi.com\/index.php?rest_route=\/wp\/v2\/pages\/154"}],"collection":[{"href":"https:\/\/surdurulebilirturizmrehberi.com\/index.php?rest_route=\/wp\/v2\/pages"}],"about":[{"href":"https:\/\/surdurulebilirturizmrehberi.com\/index.php?rest_route=\/wp\/v2\/types\/page"}],"author":[{"embeddable":true,"href":"https:\/\/surdurulebilirturizmrehberi.com\/index.php?rest_route=\/wp\/v2\/users\/1"}],"replies":[{"embeddable":true,"href":"https:\/\/surdurulebilirturizmrehberi.com\/index.php?rest_route=%2Fwp%2Fv2%2Fcomments&post=154"}],"version-history":[{"count":1,"href":"https:\/\/surdurulebilirturizmrehberi.com\/index.php?rest_route=\/wp\/v2\/pages\/154\/revisions"}],"predecessor-version":[{"id":156,"href":"https:\/\/surdurulebilirturizmrehberi.com\/index.php?rest_route=\/wp\/v2\/pages\/154\/revisions\/156"}],"wp:attachment":[{"href":"https:\/\/surdurulebilirturizmrehberi.com\/index.php?rest_route=%2Fwp%2Fv2%2Fmedia&parent=154"}],"curies":[{"name":"wp","href":"https:\/\/api.w.org\/{rel}","templated":true}]}}