{"id":166,"date":"2025-11-12T19:10:08","date_gmt":"2025-11-12T19:10:08","guid":{"rendered":"https:\/\/surdurulebilirturizmrehberi.com\/?page_id=166"},"modified":"2025-11-12T19:10:08","modified_gmt":"2025-11-12T19:10:08","slug":"su-ayak-izi-hesaplama-ve-raporlama","status":"publish","type":"page","link":"https:\/\/surdurulebilirturizmrehberi.com\/?page_id=166","title":{"rendered":"SU AYAK \u0130Z\u0130 HESAPLAMA VE RAPORLAMA"},"content":{"rendered":"\n<p>Kulland\u0131\u011f\u0131m\u0131z, giydi\u011fimiz, ald\u0131\u011f\u0131m\u0131z, satt\u0131\u011f\u0131m\u0131z ve yedi\u011fimiz her \u015feyin yap\u0131m\u0131 su gerektirir. Su ayak izi, kulland\u0131\u011f\u0131m\u0131z mal ve hizmetlerin her birini \u00fcretmek i\u00e7in kullan\u0131lan su miktar\u0131n\u0131 ifade eder.<\/p>\n\n\n\n<p>Su ayak izi, \u015firketler, h\u00fck\u00fcmetler ve bireyler i\u00e7in;<\/p>\n\n\n\n<ul>\n<li>\u015eirketimin operasyonlar\u0131nda veya tedarik zincirinde su ba\u011f\u0131ml\u0131l\u0131\u011f\u0131 nerede?<\/li>\n\n\n\n<li>Su kaynaklar\u0131m\u0131z\u0131 koruyan d\u00fczenlemeler ne kadar iyi?<\/li>\n\n\n\n<li>G\u0131da veya enerji kaynaklar\u0131m\u0131z ne kadar g\u00fcvenli?<\/li>\n\n\n\n<li>Kendi su ayak izimi azaltmak ve hem insanlar hem de do\u011fa i\u00e7in suyu y\u00f6netmemize yard\u0131mc\u0131 olmak i\u00e7in bir \u015feyler yapabilir miyim? Sorular\u0131n\u0131n yan\u0131t\u0131d\u0131r.<\/li>\n<\/ul>\n\n\n\n<figure class=\"wp-block-image size-full\"><img loading=\"lazy\" decoding=\"async\" width=\"620\" height=\"295\" src=\"http:\/\/surdurulebilirturizmrehberi.com\/wp-content\/uploads\/2025\/11\/WhatsApp-Image-2025-11-12-at-22.08.21.jpeg\" alt=\"\" class=\"wp-image-168\" srcset=\"https:\/\/surdurulebilirturizmrehberi.com\/wp-content\/uploads\/2025\/11\/WhatsApp-Image-2025-11-12-at-22.08.21.jpeg 620w, https:\/\/surdurulebilirturizmrehberi.com\/wp-content\/uploads\/2025\/11\/WhatsApp-Image-2025-11-12-at-22.08.21-300x143.jpeg 300w\" sizes=\"(max-width: 620px) 100vw, 620px\" \/><\/figure>\n\n\n\n<p>Sordu\u011funuz soruya ba\u011fl\u0131 olarak, su ayak izi, \u00fcretimin ton ba\u015f\u0131na, hektar ba\u015f\u0131na, para birimi ba\u015f\u0131na ve di\u011fer fonksiyonel birimlerde metrek\u00fcp cinsinden \u00f6l\u00e7\u00fclebilir.\u00a0Su ayak izi, s\u0131n\u0131rl\u0131 tatl\u0131 su kaynaklar\u0131m\u0131z\u0131n hangi ama\u00e7larla t\u00fcketildi\u011fini ve kirlendi\u011fini anlamam\u0131za yard\u0131mc\u0131 olur.\u00a0Etkisi, suyun nereden ve ne zaman al\u0131nd\u0131\u011f\u0131na ba\u011fl\u0131d\u0131r.\u00a0Suyun zaten k\u0131t oldu\u011fu bir yerden geliyorsa, sonu\u00e7lar\u0131 \u00f6nemli olabilir ve eylem gerektirebilir.<\/p>\n\n\n\n<p>Su ayak izinin \u00fc\u00e7 bile\u015feni vard\u0131r;<\/p>\n\n\n\n<p>Ye\u015fil su ayak izi;&nbsp;Topra\u011f\u0131n k\u00f6k b\u00f6lgesinde depolanan ve buharla\u015fan, terleyen veya bitkiler taraf\u0131ndan dahil edilen ya\u011f\u0131\u015ftan kaynaklanan sudur.&nbsp;\u00d6zellikle tar\u0131m, bah\u00e7ecilik ve orman \u00fcr\u00fcnleri i\u00e7in ge\u00e7erlidir.<\/p>\n\n\n\n<p>Mavi su ayak izi; Y\u00fczey veya yeralt\u0131 su kaynaklar\u0131ndan elde edilen ve ya buharla\u015ft\u0131r\u0131lan, bir \u00fcr\u00fcne kat\u0131lan veya bir su k\u00fctlesinden al\u0131n\u0131p di\u011ferine iade edilen veya farkl\u0131 bir zamanda iade edilen sudur.&nbsp;Sulu tar\u0131m, sanayi ve evsel su kullan\u0131m\u0131n\u0131n her biri mavi su ayak izine sahip olabilir.<\/p>\n\n\n\n<p>Gri su ayak izi; Belirli su kalitesi standartlar\u0131n\u0131 kar\u015f\u0131lamak i\u00e7in kirleticileri \u00f6z\u00fcmsemek i\u00e7in gereken tatl\u0131 su miktar\u0131d\u0131r.&nbsp;Gri su ayak izi, bir tatl\u0131 su kayna\u011f\u0131na do\u011frudan bir boru yoluyla veya dolayl\u0131 olarak topraktan, ge\u00e7irimsiz y\u00fczeylerden veya di\u011fer da\u011f\u0131n\u0131k kaynaklardan ak\u0131\u015f veya s\u0131z\u0131nt\u0131 yoluyla bo\u015falt\u0131lan nokta kaynakl\u0131 kirlili\u011fi dikkate al\u0131r.<\/p>\n\n\n\n<p>Do\u011frudan ve dolayl\u0131 su kullan\u0131m\u0131;<\/p>\n\n\n\n<p>Su ayak izi, bir prosesin, \u00fcr\u00fcn\u00fcn, \u015firketin veya sekt\u00f6r\u00fcn hem do\u011frudan hem de dolayl\u0131 su kullan\u0131m\u0131na bakar ve tedarik zincirinden son kullan\u0131c\u0131ya kadar t\u00fcm \u00fcretim d\u00f6ng\u00fcs\u00fc boyunca su t\u00fcketimini ve kirlili\u011fi i\u00e7erir.<\/p>\n\n\n\n<p>Birey veya topluluk, bir ulus veya t\u00fcm insanl\u0131k taraf\u0131ndan t\u00fcketilen t\u00fcm mal ve hizmetleri \u00fcretmek i\u00e7in gereken su miktar\u0131n\u0131 \u00f6l\u00e7mek i\u00e7in su ayak izini kullanmak da m\u00fcmk\u00fcnd\u00fcr.&nbsp;Bu ayn\u0131 zamanda ki\u015fi(ler) taraf\u0131ndan do\u011frudan kullan\u0131lan su olan do\u011frudan su ayak izini ve t\u00fcketilen t\u00fcm \u00fcr\u00fcnlerin su ayak izlerinin toplam\u0131 olan dolayl\u0131 su ayak izini de i\u00e7erir.<\/p>\n","protected":false},"excerpt":{"rendered":"<p>Kulland\u0131\u011f\u0131m\u0131z, giydi\u011fimiz, ald\u0131\u011f\u0131m\u0131z, satt\u0131\u011f\u0131m\u0131z ve yedi\u011fimiz her \u015feyin yap\u0131m\u0131 su gerektirir. Su ayak izi, kulland\u0131\u011f\u0131m\u0131z mal ve hizmetlerin her birini \u00fcretmek i\u00e7in kullan\u0131lan su miktar\u0131n\u0131 ifade eder. Su ayak izi, \u015firketler, h\u00fck\u00fcmetler ve bireyler i\u00e7in; Sordu\u011funuz soruya ba\u011fl\u0131 olarak, su ayak izi, \u00fcretimin ton ba\u015f\u0131na, hektar ba\u015f\u0131na, para birimi ba\u015f\u0131na ve di\u011fer fonksiyonel birimlerde metrek\u00fcp<span class=\"post-excerpt-end\">&hellip;<\/span><\/p>\n<p class=\"more-link\"><a href=\"https:\/\/surdurulebilirturizmrehberi.com\/?page_id=166\" class=\"themebutton\">Read More<\/a><\/p>\n","protected":false},"author":1,"featured_media":0,"parent":0,"menu_order":0,"comment_status":"closed","ping_status":"closed","template":"","meta":{"footnotes":""},"_links":{"self":[{"href":"https:\/\/surdurulebilirturizmrehberi.com\/index.php?rest_route=\/wp\/v2\/pages\/166"}],"collection":[{"href":"https:\/\/surdurulebilirturizmrehberi.com\/index.php?rest_route=\/wp\/v2\/pages"}],"about":[{"href":"https:\/\/surdurulebilirturizmrehberi.com\/index.php?rest_route=\/wp\/v2\/types\/page"}],"author":[{"embeddable":true,"href":"https:\/\/surdurulebilirturizmrehberi.com\/index.php?rest_route=\/wp\/v2\/users\/1"}],"replies":[{"embeddable":true,"href":"https:\/\/surdurulebilirturizmrehberi.com\/index.php?rest_route=%2Fwp%2Fv2%2Fcomments&post=166"}],"version-history":[{"count":1,"href":"https:\/\/surdurulebilirturizmrehberi.com\/index.php?rest_route=\/wp\/v2\/pages\/166\/revisions"}],"predecessor-version":[{"id":169,"href":"https:\/\/surdurulebilirturizmrehberi.com\/index.php?rest_route=\/wp\/v2\/pages\/166\/revisions\/169"}],"wp:attachment":[{"href":"https:\/\/surdurulebilirturizmrehberi.com\/index.php?rest_route=%2Fwp%2Fv2%2Fmedia&parent=166"}],"curies":[{"name":"wp","href":"https:\/\/api.w.org\/{rel}","templated":true}]}}