{"id":171,"date":"2025-11-12T19:13:45","date_gmt":"2025-11-12T19:13:45","guid":{"rendered":"https:\/\/surdurulebilirturizmrehberi.com\/?page_id=171"},"modified":"2025-11-12T19:13:45","modified_gmt":"2025-11-12T19:13:45","slug":"atik-yonetimi-danismanligi","status":"publish","type":"page","link":"https:\/\/surdurulebilirturizmrehberi.com\/?page_id=171","title":{"rendered":"ATIK Y\u00d6NET\u0130M\u0130 DANI\u015eMANLI\u011eI"},"content":{"rendered":"\n<p>S\u00fcrd\u00fcr\u00fclebilir toplumlar yaratma hedefi, at\u0131k y\u00f6netimini bu \u00e7aban\u0131n \u00f6n saflar\u0131na ta\u015f\u0131m\u0131\u015ft\u0131r.&nbsp;At\u0131klar\u0131n azalt\u0131lmas\u0131, yeniden kullan\u0131lmas\u0131 ve geri d\u00f6n\u00fc\u015ft\u00fcr\u00fclmesi gibi hizmetler kullan\u0131lan parametreler aras\u0131nda yer almaktad\u0131r. Uluslararas\u0131 ve yerel standartlara uygun at\u0131k y\u00f6netimi stratejileri geli\u015ftirerek at\u0131k maliyetlerinizi yeni gelir kaynaklar\u0131na d\u00f6n\u00fc\u015ft\u00fcrmenizde yard\u0131mc\u0131 oluyoruz.<\/p>\n\n\n\n<p>\u0130\u015fletmeler faaliyet konusu fark etmeksizin, yapm\u0131\u015f oldu\u011fu \u00e7al\u0131\u015fmalar neticesinde at\u0131k olu\u015fturmaktad\u0131r. Bu faaliyetler neticesinde olu\u015fan at\u0131klar\u0131n 02.04.2015 tarih ve 29314 say\u0131l\u0131 Resmi Gazete\u2019 de yay\u0131mlanarak y\u00fcr\u00fcrl\u00fc\u011fe giren \u201c\u00a0At\u0131k Y\u00f6netimi Y\u00f6netmeli\u011fi\u201d kapsam\u0131nda y\u00f6netmelik Ek \u2013 4 listesinde bulunan at\u0131k kodlar\u0131na g\u00f6re ayr\u0131 olarak toplanmas\u0131, depolanmas\u0131 ve geri kazan\u0131m\/ bertaraf\u0131n\u0131n sa\u011flanmas\u0131 gerekmektedir.<\/p>\n\n\n\n<figure class=\"wp-block-image size-full\"><img loading=\"lazy\" decoding=\"async\" width=\"980\" height=\"468\" src=\"http:\/\/surdurulebilirturizmrehberi.com\/wp-content\/uploads\/2025\/11\/WhatsApp-Image-2025-11-12-at-22.12.05.jpeg\" alt=\"\" class=\"wp-image-172\" srcset=\"https:\/\/surdurulebilirturizmrehberi.com\/wp-content\/uploads\/2025\/11\/WhatsApp-Image-2025-11-12-at-22.12.05.jpeg 980w, https:\/\/surdurulebilirturizmrehberi.com\/wp-content\/uploads\/2025\/11\/WhatsApp-Image-2025-11-12-at-22.12.05-300x143.jpeg 300w, https:\/\/surdurulebilirturizmrehberi.com\/wp-content\/uploads\/2025\/11\/WhatsApp-Image-2025-11-12-at-22.12.05-768x367.jpeg 768w\" sizes=\"(max-width: 980px) 100vw, 980px\" \/><\/figure>\n\n\n\n<p>At\u0131k Y\u00f6netimi, At\u0131\u011f\u0131n olu\u015fumunun \u00f6nlenmesi, kayna\u011f\u0131nda azalt\u0131lmas\u0131, yeniden kullan\u0131lmas\u0131, \u00f6zelli\u011fine ve t\u00fcr\u00fcne g\u00f6re ayr\u0131lmas\u0131, biriktirilmesi, toplanmas\u0131, ge\u00e7ici depolanmas\u0131, ta\u015f\u0131nmas\u0131, ara depolanmas\u0131, geri d\u00f6n\u00fc\u015f\u00fcm\u00fc, enerji geri kazan\u0131m\u0131 d\u00e2hil geri kazan\u0131lmas\u0131, bertaraf\u0131, bertaraf i\u015flemleri sonras\u0131 izlenmesi, kontrol\u00fc ve denetimi faaliyetlerini ifade etmektedir.<\/p>\n\n\n\n<p>Hali\u00e7 \u00c7evre, at\u0131k y\u00f6netim sorumlular\u0131ndan olu\u015fan profesyonel kadrosu ile at\u0131k y\u00f6netimine ili\u015fkin y\u00fck\u00fcml\u00fcl\u00fckleri at\u0131k \u00fcreticileri ad\u0131na yerine getirir. \u0130nsan ve do\u011fal \u00e7evreyi korurken m\u00fc\u015fterilerimizin at\u0131k sekt\u00f6r\u00fcndeki i\u015f f\u0131rsatlar\u0131n\u0131 geli\u015ftirmelerine, Uluslararas\u0131 ve yerel standartlara uygun at\u0131k y\u00f6netimi stratejileri yaratmalar\u0131na yard\u0131mc\u0131 olur.<\/p>\n","protected":false},"excerpt":{"rendered":"<p>S\u00fcrd\u00fcr\u00fclebilir toplumlar yaratma hedefi, at\u0131k y\u00f6netimini bu \u00e7aban\u0131n \u00f6n saflar\u0131na ta\u015f\u0131m\u0131\u015ft\u0131r.&nbsp;At\u0131klar\u0131n azalt\u0131lmas\u0131, yeniden kullan\u0131lmas\u0131 ve geri d\u00f6n\u00fc\u015ft\u00fcr\u00fclmesi gibi hizmetler kullan\u0131lan parametreler aras\u0131nda yer almaktad\u0131r. Uluslararas\u0131 ve yerel standartlara uygun at\u0131k y\u00f6netimi stratejileri geli\u015ftirerek at\u0131k maliyetlerinizi yeni gelir kaynaklar\u0131na d\u00f6n\u00fc\u015ft\u00fcrmenizde yard\u0131mc\u0131 oluyoruz. \u0130\u015fletmeler faaliyet konusu fark etmeksizin, yapm\u0131\u015f oldu\u011fu \u00e7al\u0131\u015fmalar neticesinde at\u0131k olu\u015fturmaktad\u0131r. Bu faaliyetler neticesinde<span class=\"post-excerpt-end\">&hellip;<\/span><\/p>\n<p class=\"more-link\"><a href=\"https:\/\/surdurulebilirturizmrehberi.com\/?page_id=171\" class=\"themebutton\">Read More<\/a><\/p>\n","protected":false},"author":1,"featured_media":0,"parent":0,"menu_order":0,"comment_status":"closed","ping_status":"closed","template":"","meta":{"footnotes":""},"_links":{"self":[{"href":"https:\/\/surdurulebilirturizmrehberi.com\/index.php?rest_route=\/wp\/v2\/pages\/171"}],"collection":[{"href":"https:\/\/surdurulebilirturizmrehberi.com\/index.php?rest_route=\/wp\/v2\/pages"}],"about":[{"href":"https:\/\/surdurulebilirturizmrehberi.com\/index.php?rest_route=\/wp\/v2\/types\/page"}],"author":[{"embeddable":true,"href":"https:\/\/surdurulebilirturizmrehberi.com\/index.php?rest_route=\/wp\/v2\/users\/1"}],"replies":[{"embeddable":true,"href":"https:\/\/surdurulebilirturizmrehberi.com\/index.php?rest_route=%2Fwp%2Fv2%2Fcomments&post=171"}],"version-history":[{"count":1,"href":"https:\/\/surdurulebilirturizmrehberi.com\/index.php?rest_route=\/wp\/v2\/pages\/171\/revisions"}],"predecessor-version":[{"id":173,"href":"https:\/\/surdurulebilirturizmrehberi.com\/index.php?rest_route=\/wp\/v2\/pages\/171\/revisions\/173"}],"wp:attachment":[{"href":"https:\/\/surdurulebilirturizmrehberi.com\/index.php?rest_route=%2Fwp%2Fv2%2Fmedia&parent=171"}],"curies":[{"name":"wp","href":"https:\/\/api.w.org\/{rel}","templated":true}]}}