{"id":181,"date":"2025-11-12T19:34:52","date_gmt":"2025-11-12T19:34:52","guid":{"rendered":"https:\/\/surdurulebilirturizmrehberi.com\/?page_id=181"},"modified":"2025-11-13T18:10:08","modified_gmt":"2025-11-13T18:10:08","slug":"auditera-turizm-danismanlik-hizmetleri","status":"publish","type":"page","link":"https:\/\/surdurulebilirturizmrehberi.com\/?page_id=181","title":{"rendered":"Hakk\u0131m\u0131zda"},"content":{"rendered":"\n<p><strong>S\u00dcRD\u00dcR\u00dcLEB\u0130L\u0130R TUR\u0130ZM REHBER\u0130 Dan\u0131\u015fmanl\u0131k Hizmetleri<\/strong><\/p>\n\n\n\n<p><strong>S\u00dcRD\u00dcR\u00dcLEB\u0130L\u0130R TUR\u0130ZM REHBER\u0130<\/strong> Dan\u0131\u015fmanl\u0131k olarak turizm sekt\u00f6r\u00fcnde faaliyet g\u00f6steren i\u015fletmelere geni\u015f kapsaml\u0131 dan\u0131\u015fmanl\u0131k hizmetleri sunmaktay\u0131z. Sekt\u00f6rdeki tecr\u00fcbemiz ve uzman kadromuz ile, turizm i\u015fletmelerinin s\u00fcrd\u00fcr\u00fclebilirlik, kalite y\u00f6netimi ve \u00e7evre y\u00f6netimi gibi kritik alanlarda ihtiya\u00e7 duyduklar\u0131 t\u00fcm hizmetleri sa\u011flamaktay\u0131z.<\/p>\n\n\n\n<p><strong>Turizm \u0130\u015fletme Belgesi<\/strong><\/p>\n\n\n\n<p>Turizm \u0130\u015fletme Belgesi, K\u00fclt\u00fcr ve Turizm Bakanl\u0131\u011f\u0131 taraf\u0131ndan belirlenen kriterlere uygunlu\u011fu de\u011ferlendirilen ve denetim sonucunda verilen bir belgedir. Bu belge ayn\u0131 zamanda halk aras\u0131nda &#8220;y\u0131ld\u0131z&#8221; olarak da bilinir. Turizm \u0130\u015fletme Belgesi, bir i\u015fletmenin b\u00fcy\u00fckl\u00fc\u011f\u00fcn\u00fc, amac\u0131n\u0131, uygunlu\u011funu ve yeterlili\u011fini g\u00f6steren bir belgedir.<\/p>\n\n\n\n<p>Bu belgeyi almak i\u00e7in i\u015fletmenin yat\u0131r\u0131m\u0131n\u0131 tamamlam\u0131\u015f veya belediye ruhsat\u0131yla faaliyete ge\u00e7mi\u015f olmas\u0131 gerekmektedir. Yeni yasa gere\u011fi belediye ruhsat\u0131na sahip i\u015fletmeler i\u00e7in de Turizm \u0130\u015fletme Belgesi almak zorunlu hale gelmi\u015ftir. Turizm tesislerine y\u00f6nelik yat\u0131r\u0131mlar tamamland\u0131ktan sonra bu belge al\u0131nmal\u0131d\u0131r. Ayr\u0131ca, yat\u0131r\u0131m te\u015fvik belgesinin kapat\u0131lmas\u0131 i\u00e7in de gereklidir.<\/p>\n\n\n\n<p>Turizm \u0130\u015fletme Belgesi\u00b4nin ba\u015fvuru s\u00fcre\u00e7leri ve denetim a\u015famalar\u0131 bulunur. Denetim sonucunda de\u011ferlendirme kurulunun onay\u0131yla belge verilir. Bu belge sahibi i\u015fletmeler K\u00fclt\u00fcr ve Turizm Bakanl\u0131\u011f\u0131 denetimine tabi olurlar ve di\u011fer kurumlar, denetim yapacaklarsa \u00f6nceden bakanl\u0131k izni almal\u0131d\u0131rlar. Belgenin belirli bir ge\u00e7erlilik s\u00fcresi yoktur ve devredilebilir.<\/p>\n\n\n\n<p>K\u00fclt\u00fcr ve Turizm Bakanl\u0131\u011f\u0131, bu belgeye sahip i\u015fletmeleri kendi sistemlerinde, uluslararas\u0131 duyurularda ve dok\u00fcmanlarda tan\u0131tarak i\u015fletmenin tan\u0131n\u0131rl\u0131\u011f\u0131n\u0131 art\u0131r\u0131r. Ayr\u0131ca, belgeli i\u015fletmelere ek denetimler yapma yetkisi de bulunur.<\/p>\n\n\n\n<p>Turizm \u0130\u015fletme Belgesi\u00b4nin al\u0131nmas\u0131, turizm i\u015fletmeleri i\u00e7in art\u0131k bir zorunluluk olarak kabul edilmektedir.<\/p>\n\n\n\n<p><strong>S\u00fcrd\u00fcr\u00fclebilir Turizm Dan\u0131\u015fmanl\u0131\u011f\u0131<\/strong><\/p>\n\n\n\n<p>Turizm sekt\u00f6r\u00fcnde s\u00fcrd\u00fcr\u00fclebilirlik, sadece \u00e7evresel etkilerin minimize edilmesi de\u011fil, ayn\u0131 zamanda i\u015fletmenin uzun vadeli ba\u015far\u0131s\u0131n\u0131 da garanti alt\u0131na al\u0131r. Bu ba\u011flamda, s\u00fcrd\u00fcr\u00fclebilir turizm kriterlerine uygun stratejiler geli\u015ftiriyor ve uygulaman\u0131z i\u00e7in rehberlik ediyoruz. S\u00fcrd\u00fcr\u00fclebilir Turizm Belgesi al\u0131m s\u00fcrecinde, t\u00fcm a\u015famalarda yan\u0131n\u0131zda olarak s\u00fcreci sorunsuz bir \u015fekilde tamamlaman\u0131z\u0131 sa\u011fl\u0131yoruz.<\/p>\n\n\n\n<p><strong>Kalite Y\u00f6netimi Dan\u0131\u015fmanl\u0131\u011f\u0131<\/strong><\/p>\n\n\n\n<p>Turizm i\u015fletmelerinin kaliteli hizmet sunmas\u0131, m\u00fc\u015fteri memnuniyetinin yan\u0131 s\u0131ra i\u015fletmenin itibar\u0131n\u0131 da do\u011frudan etkiler. ISO 9001 Kalite Y\u00f6netim Sistemi ve di\u011fer uluslararas\u0131 standartlar \u00e7er\u00e7evesinde i\u015fletmenizin kalite y\u00f6netim s\u00fcre\u00e7lerini olu\u015fturuyor, uyguluyor ve s\u00fcrekli iyile\u015ftirilmesi i\u00e7in dan\u0131\u015fmanl\u0131k hizmetleri sunuyoruz.<\/p>\n\n\n\n<p><strong>\u00c7evre Y\u00f6netimi Dan\u0131\u015fmanl\u0131\u011f\u0131<\/strong><\/p>\n\n\n\n<p>Turizm sekt\u00f6r\u00fcnde \u00e7evre y\u00f6netimi, i\u015fletmenizin \u00e7evresel etkilerini minimize etmek i\u00e7in hayati \u00f6neme sahiptir. ISO 14001 \u00c7evre Y\u00f6netim Sistemi kapsam\u0131nda i\u015fletmenizin \u00e7evresel performans\u0131n\u0131 art\u0131rmaya y\u00f6nelik dan\u0131\u015fmanl\u0131k hizmetleri sunuyoruz. Bu s\u00fcre\u00e7te enerji verimlili\u011fi, at\u0131k y\u00f6netimi, su tasarrufu gibi alanlarda \u00e7\u00f6z\u00fcmler \u00fcreterek i\u015fletmenizin \u00e7evresel s\u00fcrd\u00fcr\u00fclebilirli\u011fini sa\u011fl\u0131yoruz.<\/p>\n\n\n\n<p><strong>Yasal Uyum Dan\u0131\u015fmanl\u0131\u011f\u0131<\/strong><\/p>\n\n\n\n<p>Turizm sekt\u00f6r\u00fcnde faaliyet g\u00f6steren i\u015fletmelerin yasal d\u00fczenlemelere uygun olarak \u00e7al\u0131\u015fmas\u0131 b\u00fcy\u00fck \u00f6nem ta\u015f\u0131r. \u0130stanbul Kalite Dan\u0131\u015fmanl\u0131\u011f\u0131 olarak, turizm i\u015fletmenizin mevzuata uygunlu\u011funu sa\u011flamak amac\u0131yla gerekli analizleri yap\u0131yor, yasal gereklilikler do\u011frultusunda \u00e7\u00f6z\u00fcmler sunuyoruz. \u00d6zellikle Turizm \u0130\u015fletme Belgesi, S\u00fcrd\u00fcr\u00fclebilir Turizm Belgesi gibi resmi belgelerin al\u0131nmas\u0131 s\u00fcrecinde gerekli dan\u0131\u015fmanl\u0131k hizmetlerini sunuyoruz.<\/p>\n\n\n\n<p><strong>E\u011fitim ve Fark\u0131ndal\u0131k Programlar\u0131<\/strong><\/p>\n\n\n\n<p>Turizm sekt\u00f6r\u00fcnde s\u00fcrekli geli\u015fim, \u00e7al\u0131\u015fanlar\u0131n bilgi ve becerilerinin g\u00fcncellenmesi ile m\u00fcmk\u00fcnd\u00fcr. Bu ba\u011flamda, i\u015fletmenizin ihtiya\u00e7lar\u0131na y\u00f6nelik \u00f6zel e\u011fitim programlar\u0131 d\u00fczenliyoruz. S\u00fcrd\u00fcr\u00fclebilir turizm, kalite y\u00f6netimi, i\u015f sa\u011fl\u0131\u011f\u0131 ve g\u00fcvenli\u011fi gibi konularda verdi\u011fimiz e\u011fitimlerle \u00e7al\u0131\u015fanlar\u0131n\u0131z\u0131n fark\u0131ndal\u0131\u011f\u0131n\u0131 art\u0131r\u0131yoruz.<\/p>\n\n\n\n<p><strong>S\u00dcRD\u00dcR\u00dcLEB\u0130L\u0130R TUR\u0130ZM REHBER\u0130<\/strong> Dan\u0131\u015fmanl\u0131k olarak turizm sekt\u00f6r\u00fcnde i\u015fletmenizin t\u00fcm ihtiya\u00e7lar\u0131na \u00e7\u00f6z\u00fcm odakl\u0131 yakla\u015f\u0131mlar sunuyoruz. Detayl\u0131 bilgi almak ve hizmetlerimizden faydalanmak i\u00e7in bizimle ileti\u015fime ge\u00e7ebilirsiniz:<\/p>\n","protected":false},"excerpt":{"rendered":"<p>S\u00dcRD\u00dcR\u00dcLEB\u0130L\u0130R TUR\u0130ZM REHBER\u0130 Dan\u0131\u015fmanl\u0131k Hizmetleri S\u00dcRD\u00dcR\u00dcLEB\u0130L\u0130R TUR\u0130ZM REHBER\u0130 Dan\u0131\u015fmanl\u0131k olarak turizm sekt\u00f6r\u00fcnde faaliyet g\u00f6steren i\u015fletmelere geni\u015f kapsaml\u0131 dan\u0131\u015fmanl\u0131k hizmetleri sunmaktay\u0131z. Sekt\u00f6rdeki tecr\u00fcbemiz ve uzman kadromuz ile, turizm i\u015fletmelerinin s\u00fcrd\u00fcr\u00fclebilirlik, kalite y\u00f6netimi ve \u00e7evre y\u00f6netimi gibi kritik alanlarda ihtiya\u00e7 duyduklar\u0131 t\u00fcm hizmetleri sa\u011flamaktay\u0131z. Turizm \u0130\u015fletme Belgesi Turizm \u0130\u015fletme Belgesi, K\u00fclt\u00fcr ve Turizm Bakanl\u0131\u011f\u0131 taraf\u0131ndan belirlenen kriterlere<span class=\"post-excerpt-end\">&hellip;<\/span><\/p>\n<p class=\"more-link\"><a href=\"https:\/\/surdurulebilirturizmrehberi.com\/?page_id=181\" class=\"themebutton\">Read More<\/a><\/p>\n","protected":false},"author":1,"featured_media":0,"parent":0,"menu_order":0,"comment_status":"closed","ping_status":"closed","template":"","meta":{"footnotes":""},"_links":{"self":[{"href":"https:\/\/surdurulebilirturizmrehberi.com\/index.php?rest_route=\/wp\/v2\/pages\/181"}],"collection":[{"href":"https:\/\/surdurulebilirturizmrehberi.com\/index.php?rest_route=\/wp\/v2\/pages"}],"about":[{"href":"https:\/\/surdurulebilirturizmrehberi.com\/index.php?rest_route=\/wp\/v2\/types\/page"}],"author":[{"embeddable":true,"href":"https:\/\/surdurulebilirturizmrehberi.com\/index.php?rest_route=\/wp\/v2\/users\/1"}],"replies":[{"embeddable":true,"href":"https:\/\/surdurulebilirturizmrehberi.com\/index.php?rest_route=%2Fwp%2Fv2%2Fcomments&post=181"}],"version-history":[{"count":4,"href":"https:\/\/surdurulebilirturizmrehberi.com\/index.php?rest_route=\/wp\/v2\/pages\/181\/revisions"}],"predecessor-version":[{"id":188,"href":"https:\/\/surdurulebilirturizmrehberi.com\/index.php?rest_route=\/wp\/v2\/pages\/181\/revisions\/188"}],"wp:attachment":[{"href":"https:\/\/surdurulebilirturizmrehberi.com\/index.php?rest_route=%2Fwp%2Fv2%2Fmedia&parent=181"}],"curies":[{"name":"wp","href":"https:\/\/api.w.org\/{rel}","templated":true}]}}