{"id":189,"date":"2025-11-13T06:41:22","date_gmt":"2025-11-13T06:41:22","guid":{"rendered":"https:\/\/surdurulebilirturizmrehberi.com\/?page_id=189"},"modified":"2025-11-13T06:41:22","modified_gmt":"2025-11-13T06:41:22","slug":"turizm-isletme-belgesi","status":"publish","type":"page","link":"https:\/\/surdurulebilirturizmrehberi.com\/?page_id=189","title":{"rendered":"Turizm \u0130\u015fletme Belgesi"},"content":{"rendered":"\n<p>Turizm \u0130\u015fletme Belgesi, K\u00fclt\u00fcr ve Turizm Bakanl\u0131\u011f\u0131 taraf\u0131ndan belirlenen kriterlere uygunlu\u011fu de\u011ferlendirilen ve denetim sonucunda verilen bir belgedir. Bu belge ayn\u0131 zamanda halk aras\u0131nda &#8220;y\u0131ld\u0131z&#8221; olarak da bilinir. Turizm \u0130\u015fletme Belgesi, bir i\u015fletmenin b\u00fcy\u00fckl\u00fc\u011f\u00fcn\u00fc, amac\u0131n\u0131, uygunlu\u011funu ve yeterlili\u011fini g\u00f6steren bir belgedir.<\/p>\n\n\n\n<p><\/p>\n\n\n\n<p>Bu belgeyi almak i\u00e7in i\u015fletmenin yat\u0131r\u0131m\u0131n\u0131 tamamlam\u0131\u015f veya belediye ruhsat\u0131yla faaliyete ge\u00e7mi\u015f olmas\u0131 gerekmektedir. Yeni yasa gere\u011fi belediye ruhsat\u0131na sahip i\u015fletmeler i\u00e7in de Turizm \u0130\u015fletme Belgesi almak zorunlu hale gelmi\u015ftir. Turizm tesislerine y\u00f6nelik yat\u0131r\u0131mlar tamamland\u0131ktan sonra bu belge al\u0131nmal\u0131d\u0131r. Ayr\u0131ca, yat\u0131r\u0131m te\u015fvik belgesinin kapat\u0131lmas\u0131 i\u00e7in de gereklidir.<\/p>\n\n\n\n<p>Turizm \u0130\u015fletme Belgesi\u00b4nin ba\u015fvuru s\u00fcre\u00e7leri ve denetim a\u015famalar\u0131 bulunur. Denetim sonucunda de\u011ferlendirme kurulunun onay\u0131yla belge verilir. Bu belge sahibi i\u015fletmeler K\u00fclt\u00fcr ve Turizm Bakanl\u0131\u011f\u0131 denetimine tabi olurlar ve di\u011fer kurumlar, denetim yapacaklarsa \u00f6nceden bakanl\u0131k izni almal\u0131d\u0131rlar. Belgenin belirli bir ge\u00e7erlilik s\u00fcresi yoktur ve devredilebilir.<\/p>\n\n\n\n<p>K\u00fclt\u00fcr ve Turizm Bakanl\u0131\u011f\u0131, bu belgeye sahip i\u015fletmeleri kendi sistemlerinde, uluslararas\u0131 duyurularda ve dok\u00fcmanlarda tan\u0131tarak i\u015fletmenin tan\u0131n\u0131rl\u0131\u011f\u0131n\u0131 art\u0131r\u0131r. Ayr\u0131ca, belgeli i\u015fletmelere ek denetimler yapma yetkisi de bulunur.<\/p>\n\n\n\n<p>Turizm \u0130\u015fletme Belgesi\u00b4nin al\u0131nmas\u0131, turizm i\u015fletmeleri i\u00e7in art\u0131k bir zorunluluk olarak kabul edilmektedir.<\/p>\n\n\n\n<p>Turizm \u0130\u015fletme Belgesi<\/p>\n\n\n\n<p><strong>Turizm \u0130\u015fletme Belgesi Ba\u015fvurusu \u0130\u00e7in Gerekli Evraklar Nelerdir?<\/strong><\/p>\n\n\n\n<p><strong>Turizm \u0130\u015fletme Belgesi<\/strong>&nbsp;i\u00e7in Gerekli Evraklar;<\/p>\n\n\n\n<ul>\n<li>Ba\u015fvuru yapan ki\u015fi ad\u0131na d\u00fczenlenmi\u015f noter onayl\u0131 vekaletname<\/li>\n\n\n\n<li>Dilek\u00e7e<\/li>\n\n\n\n<li>Tesisi Tan\u0131t\u0131m Raporu<\/li>\n\n\n\n<li>Noter onayl\u0131 imza sirk\u00fcleri<\/li>\n\n\n\n<li>\u0130sim tescili yap\u0131lm\u0131\u015f ise tescilin taraf\u0131n\u0131z lehine yap\u0131ld\u0131\u011f\u0131na dair belge<\/li>\n\n\n\n<li>Yat\u0131r\u0131m kamu ta\u015f\u0131nmaz\u0131 \u00fczerinde yap\u0131lacaksa; yat\u0131r\u0131mc\u0131, yat\u0131r\u0131m s\u00fcresi, t\u00fcr\u00fc, s\u0131n\u0131f\u0131 ve kapasitesi konusunda ilgili kurum ve kurulu\u015flar\u0131n uygunluk yaz\u0131s\u0131,<\/li>\n\n\n\n<li>Ticari sicil gazetesi<\/li>\n\n\n\n<li>Ba\u015fvuru \u00fccretinin tahsil edildi\u011fine dair dekont<\/li>\n\n\n\n<li>Turizm \u0130\u015fletmenize Ait i\u015fyeri a\u00e7ma ve \u00e7al\u0131\u015fma ruhsat\u0131<\/li>\n\n\n\n<li>Tarihi \u00f6zelli\u011fe sahip oldu\u011fu i\u00e7in \u00f6zel belge talebinde bulunan turizm tesisleri ba\u015fvurular\u0131nda K\u00fclt\u00fcr ve Tabiat Varl\u0131klar\u0131 Koruma Kurul Karar\u0131\u2019n\u0131 da sunmak durumundad\u0131r.<\/li>\n\n\n\n<li>Tesisin isim tescil belgesi<\/li>\n\n\n\n<li>Termal Turizm tesislerinde, sa\u011fl\u0131k ve tedavi \u00fcniteleri olmas\u0131 halinde Sa\u011fl\u0131k bakanl\u0131\u011f\u0131 Yaz\u0131s\u0131 ba\u015fvuruda sunulmaktad\u0131r.<\/li>\n\n\n\n<li>Fikir Projesi Kompleks Turizm tesislerinin uygulama alanlar\u0131 hakk\u0131nda fikir verebilecek 1\/200 \u00f6l\u00e7e\u011finde fikir projesi tesis hakk\u0131nda konum, mimari yerle\u015fim, mek\u00e2nsal d\u00fczen ve yap\u0131sal ili\u015fkileri hakk\u0131nda fikir verebilecek detayda olu\u015fturulmal\u0131d\u0131r.<\/li>\n<\/ul>\n\n\n\n<p>Bununla birlikte\u00a0Turizm \u0130\u015fletme Belgesi\u00a0ba\u015fvurunuzun niteli\u011fine g\u00f6re farkl\u0131 belgeler de istenebilmekte, ba\u015fvurunuz termal bir tesise aitse \u0130l Sa\u011fl\u0131k M\u00fcd\u00fcrl\u00fc\u011f\u00fcnden \u201cTermal Tesis \u0130\u015fletme Belgesi\u201d gerekmektedir.<\/p>\n\n\n\n<p><strong>Turizm \u0130\u015fletme Belgesi Ba\u015fvurusu Nas\u0131l Yap\u0131l\u0131r?<\/strong><\/p>\n\n\n\n<p>Turizm Yat\u0131r\u0131m Belgenizin i\u015fletmeye ge\u00e7me a\u015famas\u0131nda&nbsp;<strong>Turizm \u0130\u015fletme Belgesi<\/strong>&nbsp;ile de\u011fi\u015ftirilmesi i\u00e7in yukar\u0131daki evraklarla birlikte K\u00fclt\u00fcr ve Turizm Bakanl\u0131\u011f\u0131\u2019na ba\u015fvuru yap\u0131lmas\u0131 gerekmektedir.<\/p>\n\n\n\n<p>Yap\u0131lan ba\u015fvuru sonras\u0131nda m\u00fcracaat\u0131n\u0131z incelenir ve ba\u015fvuru belgelerinizde eksik tespit edilmedi\u011fi takdirde bakanl\u0131k taraf\u0131ndan bir uzman tesisinizi denetlemek \u00fczere g\u00f6revlendirilir. Uzman taraf\u0131ndan yap\u0131lan inceleme neticesinde tesisinizin mevzuatlara uygun nitelikte olup olmad\u0131\u011f\u0131 de\u011ferlendirilir. Tesisinizin niteliklerinde mevzuata g\u00f6re eksiklikler mevcutsa size bu eksiklikleri gidermeniz i\u00e7in s\u00fcre verilir ve uzmanlar tekrar incelemek \u00fczere bir denetim ziyareti daha yaparlar.<\/p>\n\n\n\n<p>S\u00f6z konusu ziyarette mevcut eksikliklerinizi giderdi\u011finize dair belge olu\u015fturulur ve har\u00e7 bedelini yat\u0131rarak&nbsp;<strong>Turizm i\u015fletme belgesi<\/strong>ni alabilirsiniz.<\/p>\n","protected":false},"excerpt":{"rendered":"<p>Turizm \u0130\u015fletme Belgesi, K\u00fclt\u00fcr ve Turizm Bakanl\u0131\u011f\u0131 taraf\u0131ndan belirlenen kriterlere uygunlu\u011fu de\u011ferlendirilen ve denetim sonucunda verilen bir belgedir. Bu belge ayn\u0131 zamanda halk aras\u0131nda &#8220;y\u0131ld\u0131z&#8221; olarak da bilinir. Turizm \u0130\u015fletme Belgesi, bir i\u015fletmenin b\u00fcy\u00fckl\u00fc\u011f\u00fcn\u00fc, amac\u0131n\u0131, uygunlu\u011funu ve yeterlili\u011fini g\u00f6steren bir belgedir. Bu belgeyi almak i\u00e7in i\u015fletmenin yat\u0131r\u0131m\u0131n\u0131 tamamlam\u0131\u015f veya belediye ruhsat\u0131yla faaliyete ge\u00e7mi\u015f olmas\u0131 gerekmektedir.<span class=\"post-excerpt-end\">&hellip;<\/span><\/p>\n<p class=\"more-link\"><a href=\"https:\/\/surdurulebilirturizmrehberi.com\/?page_id=189\" class=\"themebutton\">Read More<\/a><\/p>\n","protected":false},"author":1,"featured_media":0,"parent":0,"menu_order":0,"comment_status":"closed","ping_status":"closed","template":"","meta":{"footnotes":""},"_links":{"self":[{"href":"https:\/\/surdurulebilirturizmrehberi.com\/index.php?rest_route=\/wp\/v2\/pages\/189"}],"collection":[{"href":"https:\/\/surdurulebilirturizmrehberi.com\/index.php?rest_route=\/wp\/v2\/pages"}],"about":[{"href":"https:\/\/surdurulebilirturizmrehberi.com\/index.php?rest_route=\/wp\/v2\/types\/page"}],"author":[{"embeddable":true,"href":"https:\/\/surdurulebilirturizmrehberi.com\/index.php?rest_route=\/wp\/v2\/users\/1"}],"replies":[{"embeddable":true,"href":"https:\/\/surdurulebilirturizmrehberi.com\/index.php?rest_route=%2Fwp%2Fv2%2Fcomments&post=189"}],"version-history":[{"count":1,"href":"https:\/\/surdurulebilirturizmrehberi.com\/index.php?rest_route=\/wp\/v2\/pages\/189\/revisions"}],"predecessor-version":[{"id":190,"href":"https:\/\/surdurulebilirturizmrehberi.com\/index.php?rest_route=\/wp\/v2\/pages\/189\/revisions\/190"}],"wp:attachment":[{"href":"https:\/\/surdurulebilirturizmrehberi.com\/index.php?rest_route=%2Fwp%2Fv2%2Fmedia&parent=189"}],"curies":[{"name":"wp","href":"https:\/\/api.w.org\/{rel}","templated":true}]}}