{"id":192,"date":"2025-11-13T15:50:59","date_gmt":"2025-11-13T15:50:59","guid":{"rendered":"https:\/\/surdurulebilirturizmrehberi.com\/?page_id=192"},"modified":"2025-11-13T15:50:59","modified_gmt":"2025-11-13T15:50:59","slug":"ekb-enerji-kimlik-belgesi","status":"publish","type":"page","link":"https:\/\/surdurulebilirturizmrehberi.com\/?page_id=192","title":{"rendered":"EKB \u2013 Enerji Kimlik Belgesi"},"content":{"rendered":"\n<p>5627 Say\u0131l\u0131 Enerji Verimlili\u011fi Kanunu ve buna ba\u011fl\u0131 olarak \u00e7\u0131kart\u0131lan Binalarda Enerji Performans\u0131 Y\u00f6netmeli\u011fine g\u00f6re binalarda enerjinin ve enerji kaynaklar\u0131n\u0131n etkin ve verimli kullan\u0131lmas\u0131n\u0131, enerji israf\u0131n\u0131n \u00f6nlenmesini ve \u00e7evrenin korunmas\u0131n\u0131 sa\u011flamak i\u00e7in asgari olarak binan\u0131n enerji ihtiyac\u0131 ve enerji t\u00fcketim s\u0131n\u0131fland\u0131rmas\u0131, sera gaz\u0131 sal\u0131m\u0131 seviyesi, yal\u0131t\u0131m \u00f6zellikleri ve \u0131s\u0131tma ve\/veya so\u011futma sistemlerinin verimi ile ilgili bilgileri i\u00e7eren belgedir.<\/p>\n\n\n\n<p>Daha basit bir ifade ile buzdolaplar\u0131, \u00e7ama\u015f\u0131r makineleri gibi beyaz e\u015fyalardaki ya da klimalardaki enerji performans s\u0131n\u0131fland\u0131rmalar\u0131 art\u0131k binalar i\u00e7in de ge\u00e7erlidir. Bu s\u0131n\u0131fland\u0131rmalar A\u2019dan G\u2019ye kadar yap\u0131lm\u0131\u015ft\u0131r. A s\u0131n\u0131f\u0131 en verimli seviyeyi belirtirken, G s\u0131n\u0131f\u0131 en d\u00fc\u015f\u00fck verimli seviyeyi belirtmektedir. Binalarda bu s\u0131n\u0131fland\u0131rmay\u0131 g\u00f6steren belgeye Enerji Kimlik Belgesi ya da k\u0131saca EKB denilmektedir.<\/p>\n\n\n\n<p>Yeni yap\u0131lacak veya yap\u0131lmakta olan binalar\u0131n enerji kimlik belgesi s\u0131n\u0131f\u0131 en d\u00fc\u015f\u00fck C s\u0131n\u0131f\u0131nda olacak \u015fekilde tasarlanmal\u0131 ve in\u015faa edilmelidir. C s\u0131n\u0131f\u0131ndan daha d\u00fc\u015f\u00fck seviyede \u00e7\u0131kan yeni yap\u0131lacak veya yap\u0131lmakta olan binalar kanunen iskan ruhsat\u0131 alamamaktad\u0131r.<\/p>\n\n\n\n<p>01.01.2025 tarihi itibar\u0131yla yap\u0131 ruhsat\u0131 alacak toplam yap\u0131 in\u015faat alan\u0131 2000 m2 ve \u00fczeri olan binalar\u0131n NSEB (Neredeyse S\u0131f\u0131r Enerjili Bina) olarak in\u015fa edilmesi zorunludur. Neredeyse S\u0131f\u0131r Enerjili Bina (NSEB), y\u00fcksek enerji performans\u0131na ve ayn\u0131 zamanda asgari %10 oran\u0131nda yenilenebilir enerji kullan\u0131m\u0131na sahip olan binay\u0131 tan\u0131mlamaktad\u0131r.<\/p>\n\n\n\n<p>Mevcut binalar i\u00e7in enerji kimlik belgesi asgari s\u0131n\u0131fland\u0131rma seviyesi ko\u015fulu yoktur. Mevcut binalar hali haz\u0131rdaki \u0131s\u0131 yal\u0131t\u0131m\u0131, pencerelerin \u0131s\u0131 yal\u0131t\u0131m\u0131, \u0131s\u0131tma-so\u011futma ekipmanlar\u0131 verimi, ayd\u0131nlatma armat\u00fcrleri verimlili\u011fi gibi parametrelerine ba\u011fl\u0131 olarak A s\u0131n\u0131f\u0131ndan G s\u0131n\u0131f\u0131na kadar her s\u0131n\u0131f Enerji Kimlik Belgesi alabilmektedir.<\/p>\n","protected":false},"excerpt":{"rendered":"<p>5627 Say\u0131l\u0131 Enerji Verimlili\u011fi Kanunu ve buna ba\u011fl\u0131 olarak \u00e7\u0131kart\u0131lan Binalarda Enerji Performans\u0131 Y\u00f6netmeli\u011fine g\u00f6re binalarda enerjinin ve enerji kaynaklar\u0131n\u0131n etkin ve verimli kullan\u0131lmas\u0131n\u0131, enerji israf\u0131n\u0131n \u00f6nlenmesini ve \u00e7evrenin korunmas\u0131n\u0131 sa\u011flamak i\u00e7in asgari olarak binan\u0131n enerji ihtiyac\u0131 ve enerji t\u00fcketim s\u0131n\u0131fland\u0131rmas\u0131, sera gaz\u0131 sal\u0131m\u0131 seviyesi, yal\u0131t\u0131m \u00f6zellikleri ve \u0131s\u0131tma ve\/veya so\u011futma sistemlerinin verimi ile ilgili<span class=\"post-excerpt-end\">&hellip;<\/span><\/p>\n<p class=\"more-link\"><a href=\"https:\/\/surdurulebilirturizmrehberi.com\/?page_id=192\" class=\"themebutton\">Read More<\/a><\/p>\n","protected":false},"author":1,"featured_media":0,"parent":32,"menu_order":0,"comment_status":"closed","ping_status":"closed","template":"","meta":{"footnotes":""},"_links":{"self":[{"href":"https:\/\/surdurulebilirturizmrehberi.com\/index.php?rest_route=\/wp\/v2\/pages\/192"}],"collection":[{"href":"https:\/\/surdurulebilirturizmrehberi.com\/index.php?rest_route=\/wp\/v2\/pages"}],"about":[{"href":"https:\/\/surdurulebilirturizmrehberi.com\/index.php?rest_route=\/wp\/v2\/types\/page"}],"author":[{"embeddable":true,"href":"https:\/\/surdurulebilirturizmrehberi.com\/index.php?rest_route=\/wp\/v2\/users\/1"}],"replies":[{"embeddable":true,"href":"https:\/\/surdurulebilirturizmrehberi.com\/index.php?rest_route=%2Fwp%2Fv2%2Fcomments&post=192"}],"version-history":[{"count":1,"href":"https:\/\/surdurulebilirturizmrehberi.com\/index.php?rest_route=\/wp\/v2\/pages\/192\/revisions"}],"predecessor-version":[{"id":193,"href":"https:\/\/surdurulebilirturizmrehberi.com\/index.php?rest_route=\/wp\/v2\/pages\/192\/revisions\/193"}],"up":[{"embeddable":true,"href":"https:\/\/surdurulebilirturizmrehberi.com\/index.php?rest_route=\/wp\/v2\/pages\/32"}],"wp:attachment":[{"href":"https:\/\/surdurulebilirturizmrehberi.com\/index.php?rest_route=%2Fwp%2Fv2%2Fmedia&parent=192"}],"curies":[{"name":"wp","href":"https:\/\/api.w.org\/{rel}","templated":true}]}}