{"id":195,"date":"2025-11-13T15:53:02","date_gmt":"2025-11-13T15:53:02","guid":{"rendered":"https:\/\/surdurulebilirturizmrehberi.com\/?page_id=195"},"modified":"2025-11-13T15:53:02","modified_gmt":"2025-11-13T15:53:02","slug":"surdurulebilirlik-raporlamasi","status":"publish","type":"page","link":"https:\/\/surdurulebilirturizmrehberi.com\/?page_id=195","title":{"rendered":"S\u00fcrd\u00fcr\u00fclebilirlik Raporlamas\u0131"},"content":{"rendered":"\n<p>S\u00fcrd\u00fcr\u00fclebilirlik, g\u00fcn\u00fcm\u00fczde sadece \u00e7evresel bir gereklilik de\u011fil, ayn\u0131 zamanda ekonomik s\u00fcrd\u00fcr\u00fclebilirlik ve sosyal sorumluluk a\u00e7\u0131s\u0131ndan da b\u00fcy\u00fck bir \u00f6neme sahiptir. \u0130\u015fletmelerin uzun vadeli ba\u015far\u0131lar\u0131, \u00e7evre, toplum ve ekonomi aras\u0131nda denge sa\u011flama yetene\u011fine ba\u011fl\u0131d\u0131r. Biz de bu kapsamda sizlere, s\u00fcrd\u00fcr\u00fclebilirlik raporlar\u0131n\u0131n i\u015fletmeler i\u00e7in neden bu kadar \u00f6nemli oldu\u011funu hat\u0131rlatmak istiyoruz.<\/p>\n\n\n\n<p>1 Ocak 2024 itibar\u0131yla belirlenen e\u015fik de\u011ferini ge\u00e7en i\u015fletmeler i\u00e7in s\u00fcrd\u00fcr\u00fclebilirlik raporu haz\u0131rlamak zorunlu hale gelmi\u015ftir. Bu raporlar, i\u015fletmelerin \u00e7evresel etkilerini, sosyal sorumluluklar\u0131n\u0131 ve ekonomik performanslar\u0131n\u0131 de\u011ferlendirmelerini sa\u011flamakta ve payda\u015flar\u0131yla \u015feffaf bir ileti\u015fim kurmalar\u0131na olanak tan\u0131maktad\u0131r. S\u00fcrd\u00fcr\u00fclebilirlik raporlar\u0131, sadece yasal bir gereklilik de\u011fil, ayn\u0131 zamanda m\u00fc\u015fteri beklentilerini kar\u015f\u0131lama ve piyasada rekabet avantaj\u0131 elde etme arac\u0131 olarak da de\u011ferlendirilebilir.<\/p>\n\n\n\n<p>Bu yeni d\u00fczenleme ile birlikte, s\u00fcrd\u00fcr\u00fclebilirlik stratejilerinizi g\u00f6zden ge\u00e7irmenin ve \u00e7evresel etkilerinizi en aza indirmenin tam zaman\u0131d\u0131r. \u0130\u015fletmenizin s\u00fcrd\u00fcr\u00fclebilirlik yolculu\u011funa katk\u0131 sa\u011flamak, hem do\u011fal kaynaklar\u0131 korumak hem de topluma de\u011fer katmak ad\u0131na at\u0131lacak \u00f6nemli bir ad\u0131md\u0131r.<\/p>\n\n\n\n<p>S\u00fcrd\u00fcr\u00fclebilirlik raporu haz\u0131rlamak, yaln\u0131zca bir y\u00fck\u00fcml\u00fcl\u00fck de\u011fil, ayn\u0131 zamanda i\u015fletmenizin prestijini art\u0131rma ve yeni i\u015f f\u0131rsatlar\u0131 yaratma potansiyelini de beraberinde getirir. Unutmay\u0131n ki, s\u00fcrd\u00fcr\u00fclebilir bir i\u015fletme olmak, gelece\u011fi g\u00fcvence alt\u0131na almak i\u00e7in en do\u011fru yoldur.<\/p>\n","protected":false},"excerpt":{"rendered":"<p>S\u00fcrd\u00fcr\u00fclebilirlik, g\u00fcn\u00fcm\u00fczde sadece \u00e7evresel bir gereklilik de\u011fil, ayn\u0131 zamanda ekonomik s\u00fcrd\u00fcr\u00fclebilirlik ve sosyal sorumluluk a\u00e7\u0131s\u0131ndan da b\u00fcy\u00fck bir \u00f6neme sahiptir. \u0130\u015fletmelerin uzun vadeli ba\u015far\u0131lar\u0131, \u00e7evre, toplum ve ekonomi aras\u0131nda denge sa\u011flama yetene\u011fine ba\u011fl\u0131d\u0131r. Biz de bu kapsamda sizlere, s\u00fcrd\u00fcr\u00fclebilirlik raporlar\u0131n\u0131n i\u015fletmeler i\u00e7in neden bu kadar \u00f6nemli oldu\u011funu hat\u0131rlatmak istiyoruz. 1 Ocak 2024 itibar\u0131yla belirlenen e\u015fik<span class=\"post-excerpt-end\">&hellip;<\/span><\/p>\n<p class=\"more-link\"><a href=\"https:\/\/surdurulebilirturizmrehberi.com\/?page_id=195\" class=\"themebutton\">Read More<\/a><\/p>\n","protected":false},"author":1,"featured_media":0,"parent":0,"menu_order":0,"comment_status":"closed","ping_status":"closed","template":"","meta":{"footnotes":""},"_links":{"self":[{"href":"https:\/\/surdurulebilirturizmrehberi.com\/index.php?rest_route=\/wp\/v2\/pages\/195"}],"collection":[{"href":"https:\/\/surdurulebilirturizmrehberi.com\/index.php?rest_route=\/wp\/v2\/pages"}],"about":[{"href":"https:\/\/surdurulebilirturizmrehberi.com\/index.php?rest_route=\/wp\/v2\/types\/page"}],"author":[{"embeddable":true,"href":"https:\/\/surdurulebilirturizmrehberi.com\/index.php?rest_route=\/wp\/v2\/users\/1"}],"replies":[{"embeddable":true,"href":"https:\/\/surdurulebilirturizmrehberi.com\/index.php?rest_route=%2Fwp%2Fv2%2Fcomments&post=195"}],"version-history":[{"count":1,"href":"https:\/\/surdurulebilirturizmrehberi.com\/index.php?rest_route=\/wp\/v2\/pages\/195\/revisions"}],"predecessor-version":[{"id":196,"href":"https:\/\/surdurulebilirturizmrehberi.com\/index.php?rest_route=\/wp\/v2\/pages\/195\/revisions\/196"}],"wp:attachment":[{"href":"https:\/\/surdurulebilirturizmrehberi.com\/index.php?rest_route=%2Fwp%2Fv2%2Fmedia&parent=195"}],"curies":[{"name":"wp","href":"https:\/\/api.w.org\/{rel}","templated":true}]}}