{"id":204,"date":"2025-11-13T16:20:16","date_gmt":"2025-11-13T16:20:16","guid":{"rendered":"https:\/\/surdurulebilirturizmrehberi.com\/?page_id=204"},"modified":"2025-11-13T18:15:53","modified_gmt":"2025-11-13T18:15:53","slug":"online-rezervasyon-ve-destek","status":"publish","type":"page","link":"https:\/\/surdurulebilirturizmrehberi.com\/?page_id=204","title":{"rendered":"Otel Online Sat\u0131\u015f ve Pazarlama Sistemleri"},"content":{"rendered":"\n<p id=\"block-9efc238e-8b13-4691-8067-a75c20d0c491\">Tesis yat\u0131r\u0131m\u0131n\u0131n uygun alanda, uygun yat\u0131r\u0131m maliyetleri ile olu\u015fturulmas\u0131, do\u011fru y\u00f6netilmesi, mimari yerle\u015fim ve kaliteli tefri\u015f ile donat\u0131lmas\u0131 sonras\u0131nda t\u00fcm bunlar\u0131n kazanca d\u00f6n\u00fc\u015ft\u00fcr\u00fclmesi&nbsp;<strong>sat\u0131\u015f pazarlama stratejilerinin<\/strong>&nbsp;olu\u015fturulmas\u0131 ile m\u00fcmk\u00fcn hale gelmektedir. Bu ise fiyat, maliyet, hedef kitle, ileti\u015fim y\u00f6ntemleri, da\u011f\u0131t\u0131m kanallar\u0131, s\u00fcre\u00e7 y\u00f6netimi ve koordinasyon yetene\u011fi de\u011ferlendirmeleri ile ger\u00e7ekle\u015ftirilmektedir.<\/p>\n\n\n\n<p id=\"block-9801a975-5627-4a07-a769-bc3eee899fef\">Tesiste sunulan \u00fcr\u00fcn ve hizmetlerin sat\u0131\u015f a\u011f\u0131 ve pazarlamas\u0131 hakk\u0131nda t\u00fcm s\u00fcre\u00e7ler uzman ekibimiz taraf\u0131ndan analiz edilmektedir.<\/p>\n\n\n\n<ul id=\"block-d5da58d0-3f62-4541-a4a2-5d4fef5d6826\">\n<li>Online sat\u0131\u015f platformlar\u0131 \/ acentelerinde otel ad\u0131na hesap a\u00e7mak, otel i\u00e7erikleri ve g\u00f6rsellerini y\u00fcklemek.<\/li>\n\n\n\n<li>Online sat\u0131\u015f platformlar\u0131nda \/ acentelerinde otelin hali haz\u0131rdaki hesaplar\u0131n\u0131n denetimi, optimizasyonu ve gerekli d\u00fczeltmelerin yap\u0131lmas\u0131.<\/li>\n\n\n\n<li>Online sat\u0131\u015f platformlar\u0131nda \/ acentelerinde otelin hesaplar\u0131n\u0131 y\u00f6netmek<\/li>\n\n\n\n<li>Online, offline ve\/veya segment bazl\u0131 fiyat stratejisi geli\u015ftirmek veya optimize etmek<\/li>\n\n\n\n<li>Fiyat stratejisini, sat\u0131\u015f yap\u0131lan kanallarda y\u00f6netmek veya y\u00f6netilmesinde otel ekiplerini desteklemek.<\/li>\n\n\n\n<li>\u0130ptal ve no-show stratejileri geli\u015ftirmek<\/li>\n\n\n\n<li>Otel \u00f6zelinde, imkanlar dahilin de \u00f6zel paketler, \u00fcr\u00fcnler ve pansiyon stratejileri geli\u015ftirmek.<\/li>\n\n\n\n<li>Otel sat\u0131\u015f ve fiyat stratejisinin performans takibini ve analizini yapmak i\u00e7in, var olan teknolijilerle sistem geli\u015ftirmek<\/li>\n\n\n\n<li>Dijital pazarlama aktivitelerini, verimlilik yakalamak i\u00e7in y\u00f6nlendirmek<\/li>\n\n\n\n<li>\u0130stenir ise Otel doluluk durumuna g\u00f6re oda sat\u0131\u015f fiyatlar\u0131n\u0131n anl\u0131k de\u011fi\u015fiminin sa\u011flanmas\u0131<\/li>\n<\/ul>\n","protected":false},"excerpt":{"rendered":"<p>Tesis yat\u0131r\u0131m\u0131n\u0131n uygun alanda, uygun yat\u0131r\u0131m maliyetleri ile olu\u015fturulmas\u0131, do\u011fru y\u00f6netilmesi, mimari yerle\u015fim ve kaliteli tefri\u015f ile donat\u0131lmas\u0131 sonras\u0131nda t\u00fcm bunlar\u0131n kazanca d\u00f6n\u00fc\u015ft\u00fcr\u00fclmesi&nbsp;sat\u0131\u015f pazarlama stratejilerinin&nbsp;olu\u015fturulmas\u0131 ile m\u00fcmk\u00fcn hale gelmektedir. Bu ise fiyat, maliyet, hedef kitle, ileti\u015fim y\u00f6ntemleri, da\u011f\u0131t\u0131m kanallar\u0131, s\u00fcre\u00e7 y\u00f6netimi ve koordinasyon yetene\u011fi de\u011ferlendirmeleri ile ger\u00e7ekle\u015ftirilmektedir. Tesiste sunulan \u00fcr\u00fcn ve hizmetlerin sat\u0131\u015f a\u011f\u0131 ve<span class=\"post-excerpt-end\">&hellip;<\/span><\/p>\n<p class=\"more-link\"><a href=\"https:\/\/surdurulebilirturizmrehberi.com\/?page_id=204\" class=\"themebutton\">Read More<\/a><\/p>\n","protected":false},"author":1,"featured_media":0,"parent":0,"menu_order":0,"comment_status":"closed","ping_status":"closed","template":"","meta":{"footnotes":""},"_links":{"self":[{"href":"https:\/\/surdurulebilirturizmrehberi.com\/index.php?rest_route=\/wp\/v2\/pages\/204"}],"collection":[{"href":"https:\/\/surdurulebilirturizmrehberi.com\/index.php?rest_route=\/wp\/v2\/pages"}],"about":[{"href":"https:\/\/surdurulebilirturizmrehberi.com\/index.php?rest_route=\/wp\/v2\/types\/page"}],"author":[{"embeddable":true,"href":"https:\/\/surdurulebilirturizmrehberi.com\/index.php?rest_route=\/wp\/v2\/users\/1"}],"replies":[{"embeddable":true,"href":"https:\/\/surdurulebilirturizmrehberi.com\/index.php?rest_route=%2Fwp%2Fv2%2Fcomments&post=204"}],"version-history":[{"count":2,"href":"https:\/\/surdurulebilirturizmrehberi.com\/index.php?rest_route=\/wp\/v2\/pages\/204\/revisions"}],"predecessor-version":[{"id":239,"href":"https:\/\/surdurulebilirturizmrehberi.com\/index.php?rest_route=\/wp\/v2\/pages\/204\/revisions\/239"}],"wp:attachment":[{"href":"https:\/\/surdurulebilirturizmrehberi.com\/index.php?rest_route=%2Fwp%2Fv2%2Fmedia&parent=204"}],"curies":[{"name":"wp","href":"https:\/\/api.w.org\/{rel}","templated":true}]}}